{"id":50,"date":"2018-09-16T10:25:59","date_gmt":"2018-09-16T08:25:59","guid":{"rendered":"http:\/\/develop.logopaedie-burggraf.de\/?page_id=50"},"modified":"2021-12-13T18:44:27","modified_gmt":"2021-12-13T17:44:27","slug":"startseite","status":"publish","type":"page","link":"https:\/\/logopaedie-burggraf.de\/en\/","title":{"rendered":"Home"},"content":{"rendered":"[vc_row css=&#8221;.vc_custom_1537085443198{margin-top: -50px !important;}&#8221;][vc_column offset=&#8221;vc_hidden-sm vc_hidden-xs&#8221;][vc_single_image image=&#8221;44&#8243; img_size=&#8221;full&#8221; alignment=&#8221;center&#8221;][\/vc_column][vc_column css=&#8221;.vc_custom_1537256676339{margin-top: 30px !important;margin-bottom: -30px !important;}&#8221; offset=&#8221;vc_hidden-lg vc_hidden-md&#8221;][vc_single_image image=&#8221;184&#8243; img_size=&#8221;full&#8221; alignment=&#8221;center&#8221;][\/vc_column][\/vc_row][vc_row][vc_column css=&#8221;.vc_custom_1537121015614{margin-bottom: 70px !important;}&#8221;]<div class=\"carousel-slider-outer carousel-slider-outer-image-carousel carousel-slider-outer-140\" style=\"--carousel-slider-nav-color:#f1f1f1;--carousel-slider-active-nav-color:#00d1b2;--carousel-slider-arrow-size:48px;--carousel-slider-bullet-size:10px\">\n<div id=\"&#039;id-140\" class=\"carousel-slider carousel-slider-140 arrows-visibility-never dots-visibility-never arrows-outside dots-center dots-square owl-carousel\" data-slide-type=\"image-carousel\" data-owl-settings='{\"nav\":false,\"dots\":false,\"slideBy\":1,\"stagePadding\":0,\"margin\":20,\"loop\":true,\"lazyLoad\":true,\"autoplay\":true,\"autoplayTimeout\":3900,\"autoplaySpeed\":2500,\"autoplayHoverPause\":true,\"autoWidth\":false,\"responsive\":{\"300\":{\"items\":1},\"576\":{\"items\":2},\"768\":{\"items\":2},\"1024\":{\"items\":3},\"1280\":{\"items\":4},\"1536\":{\"items\":5}}}'>\n<div class=\"carousel-slider__item\">\n\t<img class=\"owl-lazy\" data-src=\"https:\/\/logopaedie-burggraf.de\/wp-content\/uploads\/2018\/09\/logopaedie-burggraf-berlin-mitte-1-1024x1024.png\" alt=\"\"><\/a><\/div>\n\n<div class=\"carousel-slider__item\">\n\t<img class=\"owl-lazy\" data-src=\"https:\/\/logopaedie-burggraf.de\/wp-content\/uploads\/2018\/09\/logopaedie-burggraf-berlin-mitte-5-1024x1024.png\" alt=\"\"><\/a><\/div>\n\n<div class=\"carousel-slider__item\">\n\t<img class=\"owl-lazy\" data-src=\"https:\/\/logopaedie-burggraf.de\/wp-content\/uploads\/2018\/09\/logopaedie-burggraf-berlin-mitte-4-1024x1024.png\" alt=\"\"><\/a><\/div>\n\n<div class=\"carousel-slider__item\">\n\t<img class=\"owl-lazy\" data-src=\"https:\/\/logopaedie-burggraf.de\/wp-content\/uploads\/2018\/09\/logopaedie-burggraf-berlin-mitte-3-1024x1024.png\" alt=\"\"><\/a><\/div>\n\n<div class=\"carousel-slider__item\">\n\t<img class=\"owl-lazy\" data-src=\"https:\/\/logopaedie-burggraf.de\/wp-content\/uploads\/2018\/09\/logopaedie-burggraf-berlin-mitte-2-1024x1024.png\" alt=\"\"><\/a><\/div>\n\n<\/div><!-- .carousel-slider-140 -->\n<\/div><!-- .carousel-slider-outer-140 -->\n[\/vc_column][\/vc_row][vc_row css=&#8221;.vc_custom_1537120807154{margin-bottom: 20px !important;}&#8221;][vc_column width=&#8221;5\/6&#8243; css=&#8221;.vc_custom_1537260398666{margin-top: -20px !important;margin-bottom: 10px !important;}&#8221;][vc_column_text css=&#8221;.vc_custom_1537086457977{margin-bottom: 0px !important;}&#8221;]Meine logop\u00e4dische Praxis im Herzen von Berlin-Mitte, direkt am Bahnhof Friedrichstra\u00dfe, verf\u00fcgt \u00fcber helle, freundliche Praxisr\u00e4ume. Es erwarten Sie ganzheitliche logop\u00e4dische Behandlungskonzepte, moderne Therapie, fachkundige Beratung und frische, kindgerechte M\u00f6glichkeiten der individuellen Sprachf\u00f6rderung.<\/p>\n<p>Lernen Sie neben der Logop\u00e4die auch die noch junge Fachdisziplin Coaching speziell f\u00fcr Kinder und Jugendliche kennen![\/vc_column_text][vc_btn title=&#8221;Contact us&#8221; link=&#8221;url:https%3A%2F%2Flogopaedie-burggraf.de%2Fkontakt%2F|||&#8221; css=&#8221;.vc_custom_1537260487140{margin-top: 20px !important;}&#8221;][\/vc_column][vc_column width=&#8221;1\/6&#8243;][\/vc_column][\/vc_row]","protected":false},"excerpt":{"rendered":"<p>[vc_row css=&#8221;.vc_custom_1537085443198{margin-top: -50px !important;}&#8221;][vc_column offset=&#8221;vc_hidden-sm vc_hidden-xs&#8221;][vc_single_image image=&#8221;44&#8243; img_size=&#8221;full&#8221; alignment=&#8221;center&#8221;][\/vc_column][vc_column css=&#8221;.vc_custom_1537256676339{margin-top: 30px !important;margin-bottom: -30px !important;}&#8221; offset=&#8221;vc_hidden-lg vc_hidden-md&#8221;][vc_single_image image=&#8221;184&#8243; img_size=&#8221;full&#8221; alignment=&#8221;center&#8221;][\/vc_column][\/vc_row][vc_row][vc_column css=&#8221;.vc_custom_1537121015614{margin-bottom: 70px !important;}&#8221;][\/vc_column][\/vc_row][vc_row css=&#8221;.vc_custom_1537120807154{margin-bottom: 20px !important;}&#8221;][vc_column width=&#8221;5\/6&#8243; css=&#8221;.vc_custom_1537260398666{margin-top: -20px !important;margin-bottom: 10px !important;}&#8221;][vc_column_text css=&#8221;.vc_custom_1537086457977{margin-bottom: 0px !important;}&#8221;]Meine logop\u00e4dische Praxis im Herzen von Berlin-Mitte, direkt am Bahnhof Friedrichstra\u00dfe, verf\u00fcgt \u00fcber helle, freundliche Praxisr\u00e4ume. Es erwarten Sie ganzheitliche logop\u00e4dische Behandlungskonzepte, [&hellip;]<\/p>\n","protected":false},"author":1,"featured_media":0,"parent":0,"menu_order":0,"comment_status":"closed","ping_status":"closed","template":"","meta":{"footnotes":""},"class_list":["post-50","page","type-page","status-publish","hentry"],"_links":{"self":[{"href":"https:\/\/logopaedie-burggraf.de\/en\/wp-json\/wp\/v2\/pages\/50"}],"collection":[{"href":"https:\/\/logopaedie-burggraf.de\/en\/wp-json\/wp\/v2\/pages"}],"about":[{"href":"https:\/\/logopaedie-burggraf.de\/en\/wp-json\/wp\/v2\/types\/page"}],"author":[{"embeddable":true,"href":"https:\/\/logopaedie-burggraf.de\/en\/wp-json\/wp\/v2\/users\/1"}],"replies":[{"embeddable":true,"href":"https:\/\/logopaedie-burggraf.de\/en\/wp-json\/wp\/v2\/comments?post=50"}],"version-history":[{"count":27,"href":"https:\/\/logopaedie-burggraf.de\/en\/wp-json\/wp\/v2\/pages\/50\/revisions"}],"predecessor-version":[{"id":254,"href":"https:\/\/logopaedie-burggraf.de\/en\/wp-json\/wp\/v2\/pages\/50\/revisions\/254"}],"wp:attachment":[{"href":"https:\/\/logopaedie-burggraf.de\/en\/wp-json\/wp\/v2\/media?parent=50"}],"curies":[{"name":"wp","href":"https:\/\/api.w.org\/{rel}","templated":true}]}}