{"id":12,"date":"2018-09-11T13:52:49","date_gmt":"2018-09-11T11:52:49","guid":{"rendered":"http:\/\/develop.logopaedie-burggraf.de\/?page_id=12"},"modified":"2023-09-13T19:00:42","modified_gmt":"2023-09-13T17:00:42","slug":"kontakt","status":"publish","type":"page","link":"https:\/\/logopaedie-burggraf.de\/fr\/kontakt\/","title":{"rendered":"Kontakt"},"content":{"rendered":"[vc_row css=\u00a0\u00bb.vc_custom_1537085443198{margin-top: -50px !important;}\u00a0\u00bb][vc_column offset=\u00a0\u00bbvc_hidden-sm vc_hidden-xs\u00a0\u00bb][vc_single_image image=\u00a0\u00bb44&Prime; img_size=\u00a0\u00bbfull\u00a0\u00bb alignment=\u00a0\u00bbcenter\u00a0\u00bb][\/vc_column][vc_column css=\u00a0\u00bb.vc_custom_1537256676339{margin-top: 30px !important;margin-bottom: -30px !important;}\u00a0\u00bb offset=\u00a0\u00bbvc_hidden-lg vc_hidden-md\u00a0\u00bb][vc_single_image image=\u00a0\u00bb44&Prime; img_size=\u00a0\u00bbfull\u00a0\u00bb alignment=\u00a0\u00bbcenter\u00a0\u00bb][\/vc_column][\/vc_row][vc_row][vc_column width=\u00a0\u00bb1\/2&Prime; css=\u00a0\u00bb.vc_custom_1694624404176{margin-top: -10px !important;margin-bottom: 20px !important;border-bottom-width: 20px !important;padding-bottom: 20px !important;}\u00a0\u00bb][vc_custom_heading text=\u00a0\u00bbSenden Sie uns eine Nachricht:\u00a0\u00bb font_container=\u00a0\u00bbtag:h4|text_align:left|color:%233976a4&Prime; use_theme_fonts=\u00a0\u00bbyes\u00a0\u00bb]\n<div class=\"wpcf7 no-js\" id=\"wpcf7-f24-o3\" lang=\"de-DE\" dir=\"ltr\">\n<div class=\"screen-reader-response\"><p role=\"status\" aria-live=\"polite\" aria-atomic=\"true\"><\/p> <ul><\/ul><\/div>\n<form action=\"\/fr\/wp-json\/wp\/v2\/pages\/12#wpcf7-f24-o3\" method=\"post\" class=\"wpcf7-form init\" aria-label=\"Kontaktformular\" novalidate=\"novalidate\" data-status=\"init\">\n<div style=\"display: none;\">\n<input type=\"hidden\" name=\"_wpcf7\" value=\"24\" \/>\n<input type=\"hidden\" name=\"_wpcf7_version\" value=\"5.9.8\" \/>\n<input type=\"hidden\" name=\"_wpcf7_locale\" value=\"de_DE\" \/>\n<input type=\"hidden\" name=\"_wpcf7_unit_tag\" value=\"wpcf7-f24-o3\" \/>\n<input type=\"hidden\" name=\"_wpcf7_container_post\" value=\"0\" \/>\n<input type=\"hidden\" name=\"_wpcf7_posted_data_hash\" value=\"\" \/>\n<input type=\"hidden\" name=\"_wpcf7_recaptcha_response\" value=\"\" \/>\n<\/div>\n<p><span class=\"wpcf7-form-control-wrap\" data-name=\"Name_Kunde\"><input size=\"40\" maxlength=\"400\" class=\"wpcf7-form-control wpcf7-text wpcf7-validates-as-required\" aria-required=\"true\" aria-invalid=\"false\" placeholder=\"Name und Vorname des Kindes (Pflichtfeld)\" value=\"\" type=\"text\" name=\"Name_Kunde\" \/><\/span>\n<\/p>\n<p><span class=\"wpcf7-form-control-wrap\" data-name=\"email-333\"><input size=\"40\" maxlength=\"400\" class=\"wpcf7-form-control wpcf7-email wpcf7-validates-as-required wpcf7-text wpcf7-validates-as-email\" aria-required=\"true\" aria-invalid=\"false\" placeholder=\"Ihre E-Mail (Pflichtfeld)\" value=\"\" type=\"email\" name=\"email-333\" \/><\/span>\n<\/p>\n<p><span class=\"wpcf7-form-control-wrap\" data-name=\"telefon\"><input size=\"40\" maxlength=\"400\" class=\"wpcf7-form-control wpcf7-tel wpcf7-validates-as-required wpcf7-text wpcf7-validates-as-tel\" aria-required=\"true\" aria-invalid=\"false\" placeholder=\"Ihre Telefonnummer (Pflichtfeld)\" value=\"\" type=\"tel\" name=\"telefon\" \/><\/span>\n<\/p>\n<p><span class=\"wpcf7-form-control-wrap\" data-name=\"Krankenversicherung\"><input size=\"40\" maxlength=\"400\" class=\"wpcf7-form-control wpcf7-text wpcf7-validates-as-required\" aria-required=\"true\" aria-invalid=\"false\" placeholder=\"Wo ist Ihr Kind versichert? (Pflichtfeld)\" value=\"\" type=\"text\" name=\"Krankenversicherung\" \/><\/span>\n<\/p>\n<p><span class=\"wpcf7-form-control-wrap\" data-name=\"Geburtsdatum\"><input size=\"40\" maxlength=\"400\" class=\"wpcf7-form-control wpcf7-text wpcf7-validates-as-required\" aria-required=\"true\" aria-invalid=\"false\" placeholder=\"Geburtsdatum des Kindes (Pflichtfeld)\" value=\"\" type=\"text\" name=\"Geburtsdatum\" \/><\/span>\n<\/p>\n<p><span class=\"wpcf7-form-control-wrap\" data-name=\"textarea-783\"><textarea cols=\"40\" rows=\"10\" maxlength=\"2000\" class=\"wpcf7-form-control wpcf7-textarea\" aria-invalid=\"false\" placeholder=\"Ihre Nachricht\" name=\"textarea-783\"><\/textarea><\/span>\n<\/p>\n<p><span class=\"wpcf7-form-control-wrap\" data-name=\"acceptance-498\"><span class=\"wpcf7-form-control wpcf7-acceptance\"><span class=\"wpcf7-list-item\"><label><input type=\"checkbox\" name=\"acceptance-498\" value=\"1\" aria-invalid=\"false\" \/><span class=\"wpcf7-list-item-label\"><font color=\"#767676\">Ich bin damit einverstanden, dass die Praxis f\u00fcr Logop\u00e4die Kinder- & Jugendcoaching meine Daten durch das Formular sammelt. Die Daten werden nach abgeschlossener Bearbeitung Ihrer Anfrage gel\u00f6scht. Hinweis: Sie k\u00f6nnen Ihre Einwilligung jederzeit f\u00fcr die Zukunft per E-Mail an <a href=\"mailto:info@logopaedie-burggraf.de\">info@logopaedie-burggraf.de<\/a> widerrufen. Detaillierte Informationen zum Umgang mit Nutzerdaten finden Sie in unserer <a href=\"http:\/\/develop.logopaedie-burggraf.de\/datenschutz\">Datenschutzerkl\u00e4rung<\/a>.<\/font><\/span><\/label><\/span><\/span><\/span>\n<\/p>\n<p><input class=\"wpcf7-form-control wpcf7-submit has-spinner\" type=\"submit\" value=\"Senden\" \/>\n<\/p><div class=\"wpcf7-response-output\" aria-hidden=\"true\"><\/div>\n<\/form>\n<\/div>\n[\/vc_column][vc_column width=\u00a0\u00bb1\/2&Prime; css=\u00a0\u00bb.vc_custom_1537085431620{margin-top: -10px !important;}\u00a0\u00bb][vc_custom_heading text=\u00a0\u00bbHier finden Sie uns:\u00a0\u00bb font_container=\u00a0\u00bbtag:h4|text_align:left|color:%233976a4&Prime; use_theme_fonts=\u00a0\u00bbyes\u00a0\u00bb][mk_custom_list style=\u00a0\u00bbmk-icon-map-marker\u00a0\u00bb el_class=\u00a0\u00bbadressfeld\u00a0\u00bb]\n<ul>\n<li><span style=\"color: #3976a4;\">Albrechtstra\u00dfe 13<\/span><br \/>\n<span style=\"color: #3976a4;\">10117 Berlin-Mitte<\/span><\/li>\n<\/ul>\n[\/mk_custom_list][vc_gmaps link=\u00a0\u00bb#E-8_JTNDaWZyYW1lJTIwc3JjJTNEJTIyaHR0cHMlM0ElMkYlMkZ3d3cuZ29vZ2xlLmNvbSUyRm1hcHMlMkZlbWJlZCUzRnBiJTNEJTIxMW0xOCUyMTFtMTIlMjExbTMlMjExZDI0MjcuNjY3MTA5NjQ1NDkzJTIxMmQxMy4zODMxMTQyMTU5NjIxMjclMjEzZDUyLjUyMTM2MzI0Mzg4MDI3JTIxMm0zJTIxMWYwJTIxMmYwJTIxM2YwJTIxM20yJTIxMWkxMDI0JTIxMmk3NjglMjE0ZjEzLjElMjEzbTMlMjExbTIlMjExczB4NDdhODUxYzIzMzAxNTE0NSUyNTNBMHg0NTJkNjE2ZmIyNWJhZmJhJTIxMnNMb2dvcCUyNUMzJTI1QTRkaXNjaGUlMkJQcmF4aXMlMkIlMjUyRiUyQktpbmRlcmNvYWNoaW5nJTJCJTI1MkYlMkJMb2dvcCUyNUMzJTI1QTRkaWUlMkJLYXRoYXJpbmElMkJCdXJnZ3JhZiUyMTVlMCUyMTNtMiUyMTFzZGUlMjEyc2RlJTIxNHYxNTM2Njc1MDc0NDcyJTIyJTIwd2lkdGglM0QlMjI2MDAlMjIlMjBoZWlnaHQlM0QlMjI0NTAlMjIlMjBmcmFtZWJvcmRlciUzRCUyMjAlMjIlMjBzdHlsZSUzRCUyMmJvcmRlciUzQTAlMjIlMjBhbGxvd2Z1bGxzY3JlZW4lM0UlM0MlMkZpZnJhbWUlM0U=\u00a0\u00bb size=\u00a0\u00bb430px\u00a0\u00bb][\/vc_column][\/vc_row]","protected":false},"excerpt":{"rendered":"<p>[vc_row css=\u00a0\u00bb.vc_custom_1537085443198{margin-top: -50px !important;}\u00a0\u00bb][vc_column offset=\u00a0\u00bbvc_hidden-sm vc_hidden-xs\u00a0\u00bb][vc_single_image image=\u00a0\u00bb44&Prime; img_size=\u00a0\u00bbfull\u00a0\u00bb alignment=\u00a0\u00bbcenter\u00a0\u00bb][\/vc_column][vc_column css=\u00a0\u00bb.vc_custom_1537256676339{margin-top: 30px !important;margin-bottom: -30px !important;}\u00a0\u00bb offset=\u00a0\u00bbvc_hidden-lg vc_hidden-md\u00a0\u00bb][vc_single_image image=\u00a0\u00bb44&Prime; img_size=\u00a0\u00bbfull\u00a0\u00bb alignment=\u00a0\u00bbcenter\u00a0\u00bb][\/vc_column][\/vc_row][vc_row][vc_column width=\u00a0\u00bb1\/2&Prime; css=\u00a0\u00bb.vc_custom_1694624404176{margin-top: -10px !important;margin-bottom: 20px !important;border-bottom-width: 20px !important;padding-bottom: 20px !important;}\u00a0\u00bb][vc_custom_heading text=\u00a0\u00bbSenden Sie uns eine Nachricht:\u00a0\u00bb font_container=\u00a0\u00bbtag:h4|text_align:left|color:%233976a4&Prime; use_theme_fonts=\u00a0\u00bbyes\u00a0\u00bb][\/vc_column][vc_column width=\u00a0\u00bb1\/2&Prime; css=\u00a0\u00bb.vc_custom_1537085431620{margin-top: -10px !important;}\u00a0\u00bb][vc_custom_heading text=\u00a0\u00bbHier finden Sie uns:\u00a0\u00bb font_container=\u00a0\u00bbtag:h4|text_align:left|color:%233976a4&Prime; use_theme_fonts=\u00a0\u00bbyes\u00a0\u00bb][mk_custom_list style=\u00a0\u00bbmk-icon-map-marker\u00a0\u00bb el_class=\u00a0\u00bbadressfeld\u00a0\u00bb] Albrechtstra\u00dfe 13 10117 Berlin-Mitte [\/mk_custom_list][vc_gmaps link=\u00a0\u00bb#E-8_JTNDaWZyYW1lJTIwc3JjJTNEJTIyaHR0cHMlM0ElMkYlMkZ3d3cuZ29vZ2xlLmNvbSUyRm1hcHMlMkZlbWJlZCUzRnBiJTNEJTIxMW0xOCUyMTFtMTIlMjExbTMlMjExZDI0MjcuNjY3MTA5NjQ1NDkzJTIxMmQxMy4zODMxMTQyMTU5NjIxMjclMjEzZDUyLjUyMTM2MzI0Mzg4MDI3JTIxMm0zJTIxMWYwJTIxMmYwJTIxM2YwJTIxM20yJTIxMWkxMDI0JTIxMmk3NjglMjE0ZjEzLjElMjEzbTMlMjExbTIlMjExczB4NDdhODUxYzIzMzAxNTE0NSUyNTNBMHg0NTJkNjE2ZmIyNWJhZmJhJTIxMnNMb2dvcCUyNUMzJTI1QTRkaXNjaGUlMkJQcmF4aXMlMkIlMjUyRiUyQktpbmRlcmNvYWNoaW5nJTJCJTI1MkYlMkJMb2dvcCUyNUMzJTI1QTRkaWUlMkJLYXRoYXJpbmElMkJCdXJnZ3JhZiUyMTVlMCUyMTNtMiUyMTFzZGUlMjEyc2RlJTIxNHYxNTM2Njc1MDc0NDcyJTIyJTIwd2lkdGglM0QlMjI2MDAlMjIlMjBoZWlnaHQlM0QlMjI0NTAlMjIlMjBmcmFtZWJvcmRlciUzRCUyMjAlMjIlMjBzdHlsZSUzRCUyMmJvcmRlciUzQTAlMjIlMjBhbGxvd2Z1bGxzY3JlZW4lM0UlM0MlMkZpZnJhbWUlM0U=\u00a0\u00bb size=\u00a0\u00bb430px\u00a0\u00bb][\/vc_column][\/vc_row]<\/p>\n","protected":false},"author":1,"featured_media":0,"parent":0,"menu_order":0,"comment_status":"closed","ping_status":"closed","template":"","meta":{"footnotes":""},"class_list":["post-12","page","type-page","status-publish","hentry"],"_links":{"self":[{"href":"https:\/\/logopaedie-burggraf.de\/fr\/wp-json\/wp\/v2\/pages\/12"}],"collection":[{"href":"https:\/\/logopaedie-burggraf.de\/fr\/wp-json\/wp\/v2\/pages"}],"about":[{"href":"https:\/\/logopaedie-burggraf.de\/fr\/wp-json\/wp\/v2\/types\/page"}],"author":[{"embeddable":true,"href":"https:\/\/logopaedie-burggraf.de\/fr\/wp-json\/wp\/v2\/users\/1"}],"replies":[{"embeddable":true,"href":"https:\/\/logopaedie-burggraf.de\/fr\/wp-json\/wp\/v2\/comments?post=12"}],"version-history":[{"count":47,"href":"https:\/\/logopaedie-burggraf.de\/fr\/wp-json\/wp\/v2\/pages\/12\/revisions"}],"predecessor-version":[{"id":293,"href":"https:\/\/logopaedie-burggraf.de\/fr\/wp-json\/wp\/v2\/pages\/12\/revisions\/293"}],"wp:attachment":[{"href":"https:\/\/logopaedie-burggraf.de\/fr\/wp-json\/wp\/v2\/media?parent=12"}],"curies":[{"name":"wp","href":"https:\/\/api.w.org\/{rel}","templated":true}]}}