{"id":50,"date":"2018-09-16T10:25:59","date_gmt":"2018-09-16T08:25:59","guid":{"rendered":"http:\/\/develop.logopaedie-burggraf.de\/?page_id=50"},"modified":"2021-12-13T18:44:27","modified_gmt":"2021-12-13T17:44:27","slug":"startseite","status":"publish","type":"page","link":"https:\/\/logopaedie-burggraf.de\/fr\/","title":{"rendered":"Page d\u2019accueil"},"content":{"rendered":"[vc_row css=\u00a0\u00bb.vc_custom_1537085443198{margin-top: -50px !important;}\u00a0\u00bb][vc_column offset=\u00a0\u00bbvc_hidden-sm vc_hidden-xs\u00a0\u00bb][vc_single_image image=\u00a0\u00bb44&Prime; img_size=\u00a0\u00bbfull\u00a0\u00bb alignment=\u00a0\u00bbcenter\u00a0\u00bb][\/vc_column][vc_column css=\u00a0\u00bb.vc_custom_1537256676339{margin-top: 30px !important;margin-bottom: -30px !important;}\u00a0\u00bb offset=\u00a0\u00bbvc_hidden-lg vc_hidden-md\u00a0\u00bb][vc_single_image image=\u00a0\u00bb184&Prime; img_size=\u00a0\u00bbfull\u00a0\u00bb alignment=\u00a0\u00bbcenter\u00a0\u00bb][\/vc_column][\/vc_row][vc_row][vc_column css=\u00a0\u00bb.vc_custom_1537121015614{margin-bottom: 70px !important;}\u00a0\u00bb]<div class=\"carousel-slider-outer carousel-slider-outer-image-carousel carousel-slider-outer-140\" style=\"--carousel-slider-nav-color:#f1f1f1;--carousel-slider-active-nav-color:#00d1b2;--carousel-slider-arrow-size:48px;--carousel-slider-bullet-size:10px\">\n<div id=\"&#039;id-140\" class=\"carousel-slider carousel-slider-140 arrows-visibility-never dots-visibility-never arrows-outside dots-center dots-square owl-carousel\" data-slide-type=\"image-carousel\" data-owl-settings='{\"nav\":false,\"dots\":false,\"slideBy\":1,\"stagePadding\":0,\"margin\":20,\"loop\":true,\"lazyLoad\":true,\"autoplay\":true,\"autoplayTimeout\":3900,\"autoplaySpeed\":2500,\"autoplayHoverPause\":true,\"autoWidth\":false,\"responsive\":{\"300\":{\"items\":1},\"576\":{\"items\":2},\"768\":{\"items\":2},\"1024\":{\"items\":3},\"1280\":{\"items\":4},\"1536\":{\"items\":5}}}'>\n<div class=\"carousel-slider__item\">\n\t<img class=\"owl-lazy\" data-src=\"https:\/\/logopaedie-burggraf.de\/wp-content\/uploads\/2018\/09\/logopaedie-burggraf-berlin-mitte-1-1024x1024.png\" alt=\"\"><\/a><\/div>\n\n<div class=\"carousel-slider__item\">\n\t<img class=\"owl-lazy\" data-src=\"https:\/\/logopaedie-burggraf.de\/wp-content\/uploads\/2018\/09\/logopaedie-burggraf-berlin-mitte-5-1024x1024.png\" alt=\"\"><\/a><\/div>\n\n<div class=\"carousel-slider__item\">\n\t<img class=\"owl-lazy\" data-src=\"https:\/\/logopaedie-burggraf.de\/wp-content\/uploads\/2018\/09\/logopaedie-burggraf-berlin-mitte-4-1024x1024.png\" alt=\"\"><\/a><\/div>\n\n<div class=\"carousel-slider__item\">\n\t<img class=\"owl-lazy\" data-src=\"https:\/\/logopaedie-burggraf.de\/wp-content\/uploads\/2018\/09\/logopaedie-burggraf-berlin-mitte-3-1024x1024.png\" alt=\"\"><\/a><\/div>\n\n<div class=\"carousel-slider__item\">\n\t<img class=\"owl-lazy\" data-src=\"https:\/\/logopaedie-burggraf.de\/wp-content\/uploads\/2018\/09\/logopaedie-burggraf-berlin-mitte-2-1024x1024.png\" alt=\"\"><\/a><\/div>\n\n<\/div><!-- .carousel-slider-140 -->\n<\/div><!-- .carousel-slider-outer-140 -->\n[\/vc_column][\/vc_row][vc_row css=\u00a0\u00bb.vc_custom_1537120807154{margin-bottom: 20px !important;}\u00a0\u00bb][vc_column width=\u00a0\u00bb5\/6&Prime; css=\u00a0\u00bb.vc_custom_1537260398666{margin-top: -20px !important;margin-bottom: 10px !important;}\u00a0\u00bb][vc_column_text css=\u00a0\u00bb.vc_custom_1639417464499{margin-bottom: 0px !important;}\u00a0\u00bb]Mon cabinet d\u2019orthophonie se situe au c\u0153ur de Berlin-Mitte, en face de la gare Friedrichstra\u00dfe et dispose de salles de pratique lumineuses et conviviales. Vous y trouverez des m\u00e9thodes globales de r\u00e9\u00e9ducation orthophonique, des formes modernes de th\u00e9rapie, des conseils d\u2019experts ainsi qu\u2019une application d\u2019apprentissage individuel et adapt\u00e9 aux<br \/>\nenfants. Le cabinet propose des r\u00e9\u00e9ducations en allemand, en fran\u00e7ais ainsi qu\u2019en anglais.<\/p>\n<p>Parall\u00e8lement \u00e0 l\u2019orthophonie, du coaching sp\u00e9cialis\u00e9 pour les enfants et adolescents est \u00e9galement propos\u00e9.[\/vc_column_text][vc_btn title=\u00a0\u00bbContact us\u00a0\u00bb link=\u00a0\u00bburl:https%3A%2F%2Flogopaedie-burggraf.de%2Fkontakt%2F|||\u00a0\u00bb css=\u00a0\u00bb.vc_custom_1537260487140{margin-top: 20px !important;}\u00a0\u00bb][\/vc_column][vc_column width=\u00a0\u00bb1\/6&Prime;][\/vc_column][\/vc_row]","protected":false},"excerpt":{"rendered":"<p>[vc_row css=\u00a0\u00bb.vc_custom_1537085443198{margin-top: -50px !important;}\u00a0\u00bb][vc_column offset=\u00a0\u00bbvc_hidden-sm vc_hidden-xs\u00a0\u00bb][vc_single_image image=\u00a0\u00bb44&Prime; img_size=\u00a0\u00bbfull\u00a0\u00bb alignment=\u00a0\u00bbcenter\u00a0\u00bb][\/vc_column][vc_column css=\u00a0\u00bb.vc_custom_1537256676339{margin-top: 30px !important;margin-bottom: -30px !important;}\u00a0\u00bb offset=\u00a0\u00bbvc_hidden-lg vc_hidden-md\u00a0\u00bb][vc_single_image image=\u00a0\u00bb184&Prime; img_size=\u00a0\u00bbfull\u00a0\u00bb alignment=\u00a0\u00bbcenter\u00a0\u00bb][\/vc_column][\/vc_row][vc_row][vc_column css=\u00a0\u00bb.vc_custom_1537121015614{margin-bottom: 70px !important;}\u00a0\u00bb][\/vc_column][\/vc_row][vc_row css=\u00a0\u00bb.vc_custom_1537120807154{margin-bottom: 20px !important;}\u00a0\u00bb][vc_column width=\u00a0\u00bb5\/6&Prime; css=\u00a0\u00bb.vc_custom_1537260398666{margin-top: -20px !important;margin-bottom: 10px !important;}\u00a0\u00bb][vc_column_text css=\u00a0\u00bb.vc_custom_1639417464499{margin-bottom: 0px !important;}\u00a0\u00bb]Mon cabinet d\u2019orthophonie se situe au c\u0153ur de Berlin-Mitte, en face de la gare Friedrichstra\u00dfe et dispose de salles de pratique lumineuses [&hellip;]<\/p>\n","protected":false},"author":1,"featured_media":0,"parent":0,"menu_order":0,"comment_status":"closed","ping_status":"closed","template":"","meta":{"footnotes":""},"class_list":["post-50","page","type-page","status-publish","hentry"],"_links":{"self":[{"href":"https:\/\/logopaedie-burggraf.de\/fr\/wp-json\/wp\/v2\/pages\/50"}],"collection":[{"href":"https:\/\/logopaedie-burggraf.de\/fr\/wp-json\/wp\/v2\/pages"}],"about":[{"href":"https:\/\/logopaedie-burggraf.de\/fr\/wp-json\/wp\/v2\/types\/page"}],"author":[{"embeddable":true,"href":"https:\/\/logopaedie-burggraf.de\/fr\/wp-json\/wp\/v2\/users\/1"}],"replies":[{"embeddable":true,"href":"https:\/\/logopaedie-burggraf.de\/fr\/wp-json\/wp\/v2\/comments?post=50"}],"version-history":[{"count":27,"href":"https:\/\/logopaedie-burggraf.de\/fr\/wp-json\/wp\/v2\/pages\/50\/revisions"}],"predecessor-version":[{"id":254,"href":"https:\/\/logopaedie-burggraf.de\/fr\/wp-json\/wp\/v2\/pages\/50\/revisions\/254"}],"wp:attachment":[{"href":"https:\/\/logopaedie-burggraf.de\/fr\/wp-json\/wp\/v2\/media?parent=50"}],"curies":[{"name":"wp","href":"https:\/\/api.w.org\/{rel}","templated":true}]}}