{"id":56,"date":"2018-09-16T10:33:26","date_gmt":"2018-09-16T08:33:26","guid":{"rendered":"http:\/\/develop.logopaedie-burggraf.de\/?page_id=56"},"modified":"2021-12-13T20:32:50","modified_gmt":"2021-12-13T19:32:50","slug":"ueber-uns","status":"publish","type":"page","link":"https:\/\/logopaedie-burggraf.de\/fr\/ueber-uns\/","title":{"rendered":"\u00e0 notre sujet"},"content":{"rendered":"[vc_row css=\u00a0\u00bb.vc_custom_1537085443198{margin-top: -50px !important;}\u00a0\u00bb][vc_column offset=\u00a0\u00bbvc_hidden-sm vc_hidden-xs\u00a0\u00bb][vc_single_image image=\u00a0\u00bb44&Prime; img_size=\u00a0\u00bbfull\u00a0\u00bb alignment=\u00a0\u00bbcenter\u00a0\u00bb][\/vc_column][vc_column css=\u00a0\u00bb.vc_custom_1537256676339{margin-top: 30px !important;margin-bottom: -30px !important;}\u00a0\u00bb offset=\u00a0\u00bbvc_hidden-lg vc_hidden-md\u00a0\u00bb][vc_single_image image=\u00a0\u00bb44&Prime; img_size=\u00a0\u00bbfull\u00a0\u00bb alignment=\u00a0\u00bbcenter\u00a0\u00bb][\/vc_column][\/vc_row][vc_row][vc_column width=\u00a0\u00bb5\/6&Prime;][vc_column_text css=\u00a0\u00bb.vc_custom_1639423968423{margin-bottom: 0px !important;}\u00a0\u00bb]\n<h4><span style=\"color: #e78502;\">Philosophie<\/span><\/h4>\n<p>Les exp\u00e9riences professionnelles ainsi que celles de la vie quotidienne nous font prendre conscience des attentes de la soci\u00e9t\u00e9. D\u00e8s leur plus jeune \u00e2ge, nous soutenons et encourageons nos enfants afin qu\u2019ils s\u2019y construisent une place s\u00e9cure. Le domaine du langage devient alors important car il repr\u00e9sente la base de la communication interpersonnelle.<\/p>\n<p>Qu\u2019en est-il lorsque les choses ne se passent pas comme pr\u00e9vues? Si le d\u00e9veloppement de certaines capacit\u00e9s est retard\u00e9 ou diff\u00e8re de nos attentes ? S\u2019il y a une faille et que tout cela ne va pas de l\u2019avant ?<\/p>\n<p>Il est naturel que les parents s\u2019alarment, car cela pourrait priver l\u2019enfant d\u2019une chance ou lui causer des d\u00e9sagr\u00e9ments dans la vie. Cependant, il n\u2019est pas rare que les pr\u00e9occupations des parents ne passent pas inaper\u00e7ues aux yeux des enfants. C\u2019est alors que leur surviennent des questions inconscientes telles que \u00absuis-je bien ou assez bien? \u00bb ou encore \u00ab est-ce que quelque chose ne va pas ? \u00bb, qui peuvent avoir un impact sur leur image de soi.<\/p>\n<p>Notre souhait et notre devoir est de recueillir vos pr\u00e9occupations et d\u2019y r\u00e9pondre au travers d\u2019un bilan orthophonique, d\u2019une consultation individuelle et d\u2019une r\u00e9\u00e9ducation cibl\u00e9e.<\/p>\n<p>C\u2019est dans cet \u00e9tat d\u2019esprit que propose notre cabinet sp\u00e9cialis\u00e9 dans les enfants et adolescents des r\u00e9\u00e9ducations orthophoniques compl\u00e8tes et modernes ainsi qu\u2019un coaching orient\u00e9 vers des solutions.<\/p>\n<p>Bienvenue ![\/vc_column_text][\/vc_column][vc_column width=\u00a0\u00bb1\/6&Prime;][\/vc_column][\/vc_row]","protected":false},"excerpt":{"rendered":"<p>[vc_row css=\u00a0\u00bb.vc_custom_1537085443198{margin-top: -50px !important;}\u00a0\u00bb][vc_column offset=\u00a0\u00bbvc_hidden-sm vc_hidden-xs\u00a0\u00bb][vc_single_image image=\u00a0\u00bb44&Prime; img_size=\u00a0\u00bbfull\u00a0\u00bb alignment=\u00a0\u00bbcenter\u00a0\u00bb][\/vc_column][vc_column css=\u00a0\u00bb.vc_custom_1537256676339{margin-top: 30px !important;margin-bottom: -30px !important;}\u00a0\u00bb offset=\u00a0\u00bbvc_hidden-lg vc_hidden-md\u00a0\u00bb][vc_single_image image=\u00a0\u00bb44&Prime; img_size=\u00a0\u00bbfull\u00a0\u00bb alignment=\u00a0\u00bbcenter\u00a0\u00bb][\/vc_column][\/vc_row][vc_row][vc_column width=\u00a0\u00bb5\/6&Prime;][vc_column_text css=\u00a0\u00bb.vc_custom_1639423968423{margin-bottom: 0px !important;}\u00a0\u00bb] Philosophie Les exp\u00e9riences professionnelles ainsi que celles de la vie quotidienne nous font prendre conscience des attentes de la soci\u00e9t\u00e9. D\u00e8s leur plus jeune \u00e2ge, nous soutenons et encourageons nos enfants afin [&hellip;]<\/p>\n","protected":false},"author":1,"featured_media":0,"parent":0,"menu_order":0,"comment_status":"closed","ping_status":"closed","template":"","meta":{"footnotes":""},"class_list":["post-56","page","type-page","status-publish","hentry"],"_links":{"self":[{"href":"https:\/\/logopaedie-burggraf.de\/fr\/wp-json\/wp\/v2\/pages\/56"}],"collection":[{"href":"https:\/\/logopaedie-burggraf.de\/fr\/wp-json\/wp\/v2\/pages"}],"about":[{"href":"https:\/\/logopaedie-burggraf.de\/fr\/wp-json\/wp\/v2\/types\/page"}],"author":[{"embeddable":true,"href":"https:\/\/logopaedie-burggraf.de\/fr\/wp-json\/wp\/v2\/users\/1"}],"replies":[{"embeddable":true,"href":"https:\/\/logopaedie-burggraf.de\/fr\/wp-json\/wp\/v2\/comments?post=56"}],"version-history":[{"count":20,"href":"https:\/\/logopaedie-burggraf.de\/fr\/wp-json\/wp\/v2\/pages\/56\/revisions"}],"predecessor-version":[{"id":264,"href":"https:\/\/logopaedie-burggraf.de\/fr\/wp-json\/wp\/v2\/pages\/56\/revisions\/264"}],"wp:attachment":[{"href":"https:\/\/logopaedie-burggraf.de\/fr\/wp-json\/wp\/v2\/media?parent=56"}],"curies":[{"name":"wp","href":"https:\/\/api.w.org\/{rel}","templated":true}]}}