{"id":73,"date":"2018-09-16T11:47:10","date_gmt":"2018-09-16T09:47:10","guid":{"rendered":"http:\/\/develop.logopaedie-burggraf.de\/?page_id=73"},"modified":"2021-12-13T20:43:43","modified_gmt":"2021-12-13T19:43:43","slug":"logopaedie","status":"publish","type":"page","link":"https:\/\/logopaedie-burggraf.de\/fr\/logopaedie\/","title":{"rendered":"L\u2019orthophonie"},"content":{"rendered":"[vc_row css=\u00a0\u00bb.vc_custom_1537085443198{margin-top: -50px !important;}\u00a0\u00bb][vc_column offset=\u00a0\u00bbvc_hidden-sm vc_hidden-xs\u00a0\u00bb][vc_single_image image=\u00a0\u00bb44&Prime; img_size=\u00a0\u00bbfull\u00a0\u00bb alignment=\u00a0\u00bbcenter\u00a0\u00bb][\/vc_column][vc_column css=\u00a0\u00bb.vc_custom_1537256676339{margin-top: 30px !important;margin-bottom: -30px !important;}\u00a0\u00bb offset=\u00a0\u00bbvc_hidden-lg vc_hidden-md\u00a0\u00bb][vc_single_image image=\u00a0\u00bb44&Prime; img_size=\u00a0\u00bbfull\u00a0\u00bb alignment=\u00a0\u00bbcenter\u00a0\u00bb][\/vc_column][\/vc_row][vc_row css=\u00a0\u00bb.vc_custom_1537122192868{margin-bottom: 20px !important;}\u00a0\u00bb][vc_column width=\u00a0\u00bb1\/4&Prime;][vc_single_image image=\u00a0\u00bb147&Prime; img_size=\u00a0\u00bbmedium\u00a0\u00bb alignment=\u00a0\u00bbcenter\u00a0\u00bb][\/vc_column][vc_column width=\u00a0\u00bb1\/4&Prime; offset=\u00a0\u00bbvc_hidden-xs\u00a0\u00bb][vc_single_image image=\u00a0\u00bb148&Prime; img_size=\u00a0\u00bbmedium\u00a0\u00bb alignment=\u00a0\u00bbcenter\u00a0\u00bb][\/vc_column][vc_column width=\u00a0\u00bb1\/4&Prime; offset=\u00a0\u00bbvc_hidden-xs\u00a0\u00bb][vc_single_image image=\u00a0\u00bb149&Prime; img_size=\u00a0\u00bbmedium\u00a0\u00bb alignment=\u00a0\u00bbcenter\u00a0\u00bb][\/vc_column][vc_column width=\u00a0\u00bb1\/4&Prime; offset=\u00a0\u00bbvc_hidden-xs\u00a0\u00bb][vc_single_image image=\u00a0\u00bb150&Prime; img_size=\u00a0\u00bbmedium\u00a0\u00bb alignment=\u00a0\u00bbcenter\u00a0\u00bb][\/vc_column][\/vc_row][vc_row][vc_column width=\u00a0\u00bb5\/6&Prime; css=\u00a0\u00bb.vc_custom_1537091252751{margin-top: -20px !important;}\u00a0\u00bb][vc_column_text css=\u00a0\u00bb.vc_custom_1639424620679{margin-bottom: 0px !important;}\u00a0\u00bb]\n<div class=\"art-content-layout\">\n<div class=\"art-content-layout-row\">\n<div class=\"art-layout-cell art-content\">\n<div class=\"art-post\">\n<div class=\"art-post-body\">\n<div id=\"post-7\" class=\"art-post-inner art-article post-7 page type-page status-publish hentry\">\n<h4 class=\"art-postheader\"><span style=\"color: #e78502;\">L\u2019orthophonie<\/span><\/h4>\n<div class=\"art-postcontent\">\n<p>L\u2019orthophonie est une discipline param\u00e9dicale qui vise \u00e0 d\u00e9pister et prendre en charge les troubles de la communication.<\/p>\n<p>Ces dysfonctionnements peuvent \u00eatre caus\u00e9s par exemple par des troubles cong\u00e9nitaux du d\u00e9veloppement, des pathologies c\u00e9r\u00e9brales acquises ou encore par des troubles de l\u2019audition tels que les otites. De ce fait, la parole, l\u2019articulation, la voix et la d\u00e9glutition peuvent \u00eatre touch\u00e9s.<\/p>\n<p>La pratique de l\u2019orthophonie comporte le bilan orthophonique, la pr\u00e9vention, le traitement des troubles ainsi que la r\u00e9\u00e9ducation.<\/p>\n<p>Une r\u00e9\u00e9ducation orthophonique est ordonn\u00e9e sur prescription m\u00e9dicale. L\u2019ordonnance m\u00e9dicale peut \u00eatre obtenue chez les m\u00e9decins g\u00e9n\u00e9ralistes ou sp\u00e9cialistes tels que les oto-rhino-laryngologistes, p\u00e9diatres, neurologues, dentistes, stomatologues, phoniatres.<\/p>\n<p>L\u2019orthophonie est g\u00e9n\u00e9ralement prise en charge par votre assurance sant\u00e9.<\/p>\n<p>Notre cabinet propose des r\u00e9\u00e9ducations en allemand, en anglais et en fran\u00e7ais.<\/p>\n<p>Le cabinet est sp\u00e9cialis\u00e9 dans la r\u00e9\u00e9ducation d\u2019enfants et d\u2019adolescents et intervient dans les domaines suivants :<\/p>\n<h4><span style=\"color: #e78502;\">Domaines d\u2019intervention :<\/span><\/h4>\n<ul>\n<li><span style=\"color: #3976a4;\">Retards et troubles du langage : troubles du d\u00e9veloppement et troubles acquis<\/span><\/li>\n<li><span style=\"color: #3976a4;\">Troubles de l\u2019articulation<\/span><\/li>\n<li><span style=\"color: #3976a4;\">Troubles de la voix et de la phonation d\u2019origine organique, fonctionnelle, cong\u00e9nitale et\/ou acquise<\/span><\/li>\n<li><span style=\"color: #3976a4;\">Troubles de la fluence (b\u00e9gaiement)<\/span><\/li>\n<\/ul>\n<h4><span style=\"color: #e78502;\">Interventions th\u00e9rapeutiques : <\/span><\/h4>\n<ul>\n<li><span style=\"color: #3976a4;\">Motricit\u00e9 bucco-facialeTraining der auditiven Wahrnehmung und Aufmerksamkeit<\/span><\/li>\n<li><span style=\"color: #3976a4;\">Training de la discrimination auditive<\/span><\/li>\n<li><span style=\"color: #3976a4;\">Training auditif pour les troubles de l\u2019ou\u00efe et les troubles des fonctions auditives<\/span><\/li>\n<li><span style=\"color: #3976a4;\">Intervention pr\u00e9coce des troubles du langage<\/span><\/li>\n<li><span style=\"color: #3976a4;\">Training et guidance parentale<\/span><\/li>\n<\/ul>\n<\/div>\n<div class=\"art-blockcontent-body\">\n<div class=\"cleared\"><\/div>\n<\/div>\n<\/div>\n<\/div>\n<\/div>\n<\/div>\n<div class=\"art-layout-cell art-sidebar2\">\n<div id=\"widget_sp_image-2\" class=\"art-block widget widget_sp_image\">\n<div class=\"art-block-body\">\n<div class=\"cleared\"><\/div>\n<\/div>\n<\/div>\n<\/div>\n<\/div>\n<\/div>\n<div class=\"cleared\"><\/div>\n<div class=\"art-footer\">\n<div class=\"art-footer-t\"><\/div>\n<div class=\"art-footer-body\">\n<div class=\"art-footer-text\"><\/div>\n<\/div>\n<\/div>\n[\/vc_column_text][\/vc_column][vc_column width=\u00a0\u00bb1\/6&Prime;][\/vc_column][\/vc_row]","protected":false},"excerpt":{"rendered":"<p>[vc_row css=\u00a0\u00bb.vc_custom_1537085443198{margin-top: -50px !important;}\u00a0\u00bb][vc_column offset=\u00a0\u00bbvc_hidden-sm vc_hidden-xs\u00a0\u00bb][vc_single_image image=\u00a0\u00bb44&Prime; img_size=\u00a0\u00bbfull\u00a0\u00bb alignment=\u00a0\u00bbcenter\u00a0\u00bb][\/vc_column][vc_column css=\u00a0\u00bb.vc_custom_1537256676339{margin-top: 30px !important;margin-bottom: -30px !important;}\u00a0\u00bb offset=\u00a0\u00bbvc_hidden-lg vc_hidden-md\u00a0\u00bb][vc_single_image image=\u00a0\u00bb44&Prime; img_size=\u00a0\u00bbfull\u00a0\u00bb alignment=\u00a0\u00bbcenter\u00a0\u00bb][\/vc_column][\/vc_row][vc_row css=\u00a0\u00bb.vc_custom_1537122192868{margin-bottom: 20px !important;}\u00a0\u00bb][vc_column width=\u00a0\u00bb1\/4&Prime;][vc_single_image image=\u00a0\u00bb147&Prime; img_size=\u00a0\u00bbmedium\u00a0\u00bb alignment=\u00a0\u00bbcenter\u00a0\u00bb][\/vc_column][vc_column width=\u00a0\u00bb1\/4&Prime; offset=\u00a0\u00bbvc_hidden-xs\u00a0\u00bb][vc_single_image image=\u00a0\u00bb148&Prime; img_size=\u00a0\u00bbmedium\u00a0\u00bb alignment=\u00a0\u00bbcenter\u00a0\u00bb][\/vc_column][vc_column width=\u00a0\u00bb1\/4&Prime; offset=\u00a0\u00bbvc_hidden-xs\u00a0\u00bb][vc_single_image image=\u00a0\u00bb149&Prime; img_size=\u00a0\u00bbmedium\u00a0\u00bb alignment=\u00a0\u00bbcenter\u00a0\u00bb][\/vc_column][vc_column width=\u00a0\u00bb1\/4&Prime; offset=\u00a0\u00bbvc_hidden-xs\u00a0\u00bb][vc_single_image image=\u00a0\u00bb150&Prime; img_size=\u00a0\u00bbmedium\u00a0\u00bb alignment=\u00a0\u00bbcenter\u00a0\u00bb][\/vc_column][\/vc_row][vc_row][vc_column width=\u00a0\u00bb5\/6&Prime; css=\u00a0\u00bb.vc_custom_1537091252751{margin-top: -20px !important;}\u00a0\u00bb][vc_column_text css=\u00a0\u00bb.vc_custom_1639424620679{margin-bottom: 0px !important;}\u00a0\u00bb] L\u2019orthophonie L\u2019orthophonie est une discipline param\u00e9dicale qui [&hellip;]<\/p>\n","protected":false},"author":1,"featured_media":0,"parent":0,"menu_order":0,"comment_status":"closed","ping_status":"closed","template":"","meta":{"footnotes":""},"class_list":["post-73","page","type-page","status-publish","hentry"],"_links":{"self":[{"href":"https:\/\/logopaedie-burggraf.de\/fr\/wp-json\/wp\/v2\/pages\/73"}],"collection":[{"href":"https:\/\/logopaedie-burggraf.de\/fr\/wp-json\/wp\/v2\/pages"}],"about":[{"href":"https:\/\/logopaedie-burggraf.de\/fr\/wp-json\/wp\/v2\/types\/page"}],"author":[{"embeddable":true,"href":"https:\/\/logopaedie-burggraf.de\/fr\/wp-json\/wp\/v2\/users\/1"}],"replies":[{"embeddable":true,"href":"https:\/\/logopaedie-burggraf.de\/fr\/wp-json\/wp\/v2\/comments?post=73"}],"version-history":[{"count":14,"href":"https:\/\/logopaedie-burggraf.de\/fr\/wp-json\/wp\/v2\/pages\/73\/revisions"}],"predecessor-version":[{"id":267,"href":"https:\/\/logopaedie-burggraf.de\/fr\/wp-json\/wp\/v2\/pages\/73\/revisions\/267"}],"wp:attachment":[{"href":"https:\/\/logopaedie-burggraf.de\/fr\/wp-json\/wp\/v2\/media?parent=73"}],"curies":[{"name":"wp","href":"https:\/\/api.w.org\/{rel}","templated":true}]}}